{"id":9,"date":"2012-06-06T23:45:00","date_gmt":"2012-06-06T21:45:00","guid":{"rendered":"https:\/\/www.christine-rauh.com\/?page_id=9"},"modified":"2018-10-04T22:36:13","modified_gmt":"2018-10-04T20:36:13","slug":"vita","status":"publish","type":"page","link":"https:\/\/www.christine-rauh.com\/de\/vita\/","title":{"rendered":"Vita"},"content":{"rendered":"<p><strong>Schwupps. Da war es passiert. Einfach so. Bei einem Neujahrsempfang des Ministerpr\u00e4sidenten Kurt Beck schnappte sich Christine Rauh das Mikrofon vom Moderator und plauderte munter alleine weiter. Das Publikum war hingerissen. Und der arbeitslose Moderator lachte sich halb kaputt.<\/strong><\/p>\n<p>Nein, das ist nicht &#8217;normal&#8216;. Und genau darum ganz typisch f\u00fcr Christine Rauh. Denn sie bricht oft und gern mit starren Ritualen und belebt den klassischen Konzertbetrieb mit ihrer mitrei\u00dfenden Frische. Ja, die junge Cellistin spr\u00fcht f\u00f6rmlich vor Kommunikationslust und Spontaneit\u00e4t. Das spiegelt sich in ihren Auftritten, in denen sie neue Saiten aufzieht.<\/p>\n<img loading=\"lazy\" decoding=\"async\" class=\"wp-image-111 alignleft\" title=\"Christine Rauh\" alt=\"Christine Rauh\" src=\"https:\/\/www.christine-rauh.com\/wp-content\/uploads\/2012\/06\/christine_rauh_001.jpg\" width=\"321\" height=\"214\" \/>\n<p>\u201eIch m\u00f6chte, dass Musik wieder mehr zum Spiel wird und nicht zum strengen Vortrag\u201d, betont Christine Rauh. \u201eIch w\u00fcnsche mir, dass da zwischen mir und den H\u00f6rern ein gemeinsames Erlebnis entsteht, das Publikum darf und soll Emotionen zeigen!\u201d So, wie es etwa bei der Sonate von Alfred Schnittke oft passiert. \u201eIm zweiten Satz l\u00e4dt sich die Spannung immer mehr auf, bis sie sich in einem lauten Cluster entl\u00e4dt. Manchmal geht dann ein richtiger Aufschrei durchs Publikum. Das zeigt, dass meine Zuh\u00f6rer bei der Musik wirklich mitfiebern. So soll es sein.\u201d<\/p>\n<p>Alfred Schnittkes Sonate stammt aus dem Jahr 1978 und ist eins von vielen Beispielen f\u00fcr ihre gro\u00dfe stilistische Bandbreite. Der Wunsch, das Image des klassischen Konzertbetriebs zu entstauben, schl\u00e4gt sich auch in der Repertoireauswahl von Christine Rauh nieder: neben dem klassischen Repertoire mit zahlreichen Ur- und Erstauff\u00fchrungen zeitgen\u00f6ssischer Werke, spielt sie liebend gern Tango und arrangiert selbst Songs von Udo Lindenberg und Daft Punk. Auch die Zusammenarbeit mit Beatboxern und Jazzmusikern ist f\u00fcr die temperamentvolle Cellistin eine Selbstverst\u00e4ndlichkeit. Ber\u00fchrungs\u00e4ngste kennt sie nicht. \u201eOb das Etikett nun Klassik, Tango oder Jazz hei\u00dft, finde ich nicht entscheidend. Hauptsache, es ist f\u00fcr mich und mein Publikum gute Musik!\u201d<\/p>\n<img loading=\"lazy\" decoding=\"async\" class=\" wp-image-113 alignright\" title=\"Christine Rauh moderiert und spielt\" alt=\"Christine Rauh moderiert und spielt\" src=\"https:\/\/www.christine-rauh.com\/wp-content\/uploads\/2012\/06\/christine_rauh_002.jpg\" width=\"321\" height=\"214\" \/>\n<p>Christine Rauh vereint eine brillante Technik mit musikalischer Tiefe und packender B\u00fchnenpr\u00e4senz. Ihre rege Konzertt\u00e4tigkeit f\u00fchrte sie bereits auf viele wichtige Konzertpodien und zu bedeutenden Festivals in Europa und Asien. Darunter die Philharmonie und das Konzerthaus in Berlin, die Laeiszhalle Hamburg, die Alte Oper Frankfurt, die Schwetzinger Festspiele, das Euro Nippon und das Schleswig Holstein Musik Festival sowie das Festival in Kronberg. Neben Rundfunkaufnahmen f\u00fcr Sender wie Deutschlandradio Kultur, SWR, SR oder den WDR hat Christine Rauh bei Naxos eine CD mit Werken des Klassik-Jazz-Komponisten Nikolai Kapustin eingespielt.<\/p>\n<p>Christine Rauh startete ihre Karriere mit dem Gewinn des renommiertesten Wettbewerbs Asiens, dem Internationalen Isang Yun-Wettbewerb. Kurz darauf wurde sie von der Bundesregierung als eine der \u2018100 Frauen von morgen\u2019 ausgew\u00e4hlt. Keine Frage, die langj\u00e4hrige Wahlberlinerin mit englischem Background geh\u00f6rt zu den herausragenden Cellisten der jungen Generation.<\/p>\n<img loading=\"lazy\" decoding=\"async\" class=\" wp-image-114 alignleft\" title=\"Christine Rauh\" alt=\"Christine Rauh\" src=\"https:\/\/www.christine-rauh.com\/wp-content\/uploads\/2012\/06\/christine_rauh_003.jpg\" width=\"321\" height=\"214\" \/>\n<p>Wo Christine Rauh auftritt, fasziniert sie das Publikum mit ihrer charismatischen vereinnahmenden Pers\u00f6nlichkeit und ihren mitrei\u00dfenden Interpretationen. Selbst in virtuosen Passagen gleiten ihre schlanken Arme und H\u00e4nde geschmeidig \u00fcber das Instrument \u2013 dadurch verstr\u00f6mt ihr Spiel eine t\u00e4nzerische Eleganz. Was nicht weiter verwunderlich ist. Schlie\u00dflich hat Christine Rauh f\u00fcnf Jahre Ballettunterricht gehabt. Diese Erfahrung pr\u00e4gt ihre K\u00f6rpersprache bis heute. Sie f\u00fchlt sich sp\u00fcrbar wohl auf der B\u00fchne; bereits in jungen Jahren liebte sie es, sich zu verkleiden und mit kleinen Sketchen zu unterhalten. So hat Christine Rauh ihre vielseitigen Talente fr\u00fch ausleben k\u00f6nnen. Dazu geh\u00f6rte auch die Musik. Allerdings musste sie zun\u00e4chst ein Hindernis \u00fcberwinden: Eine Sehschw\u00e4che versperrte ihr den Zugang zu den Noten. \u201eWeil ich so schlecht gucken konnte, machte ich aus der Not eine Tugend und lebte meine Experimentierfreude aus. Ich habe mir damals alles \u00fcber das Ohr erschlossen. Auch heute noch spiele ich lieber ohne Noten.\u201d<\/p>\n<p>Sie suchte und fand so ihren ganz eigenen Weg zum Instrument \u2013 anfangs improvisierte sie auf ihrem Instrument, dann entscheid sie sich f\u00fcr eine klassische Ausbildung. Die f\u00fchrte sie schnell in die Erfolgsspur: Studium in Frankfurt, Berlin und Paris bei Jens-Peter Maintz und Gerhard Mantel; in der Begegnung mit dem legend\u00e4ren Mstislaw Rostropowitsch hat sie weitere Einfl\u00fcsse aufgesaugt.<\/p>\n<p>Christine Rauh spielt den Nachbau des Cellos von Giovanni Battista Rogeri von 1671, das von Ragnar Hayn in Berlin gebaut wurde und den typischen Schmelz des italienischen Rogeri-Originals mit gro\u00dfer Klarheit verbindet. Auf diesem Instrument reizt sie das Klangspektrum des Cellos aus und h\u00e4lt es daf\u00fcr manchmal auch wie eine Gitarre. Lustvoll und spielerisch \u00fcberschreitet sie die Grenzen des Gewohnten, auch mit neuen Vermittlungsideen. In Gespr\u00e4chskonzerten l\u00e4sst sie das Publikum an ihrer Begeisterung teilhaben und umrahmt die Programme mit kleinen Geschichten und Anekdoten. Diese Konzerte moderiert Christine Rauh am liebsten selbst \u2013 damit sie nicht wieder jemandem das Mikrofon aus der Hand rei\u00dfen muss.<\/p>\n","protected":false},"excerpt":{"rendered":"<p>Schwupps. Da war es passiert. Einfach so. Bei einem Neujahrsempfang des Ministerpr\u00e4sidenten Kurt Beck schnappte sich Christine Rauh das Mikrofon vom Moderator und plauderte munter alleine weiter. Das Publikum war hingerissen. Und der arbeitslose \u2026<\/p>\n","protected":false},"author":1,"featured_media":0,"parent":0,"menu_order":3,"comment_status":"open","ping_status":"closed","template":"","meta":{"_acf_changed":false,"footnotes":""},"class_list":["post-9","page","type-page","status-publish","hentry"],"acf":[],"yoast_head":"<!-- This site is optimized with the Yoast SEO plugin v23.2 - https:\/\/yoast.com\/wordpress\/plugins\/seo\/ -->\n<title>Vita - Christine Rauh - Cellistin &amp; Moderatorin<\/title>\n<meta name=\"description\" content=\"Schwupps. Da war es passiert. Einfach so. Beim Neujahrsempfang schnappte sich Christine Rauh kurz entschlossen das Mikrofon vom Moderator und plauderte munter alleine weiter. Das Publikum war hingerissen. Und der arbeitslose Moderator lachte sich halb kaputt.\" \/>\n<meta name=\"robots\" content=\"index, follow, max-snippet:-1, max-image-preview:large, max-video-preview:-1\" \/>\n<link rel=\"canonical\" href=\"https:\/\/www.christine-rauh.com\/de\/vita\/\" \/>\n<meta name=\"twitter:label1\" content=\"Gesch\u00e4tzte Lesezeit\" \/>\n\t<meta name=\"twitter:data1\" content=\"4\u00a0Minuten\" \/>\n<script type=\"application\/ld+json\" class=\"yoast-schema-graph\">{\"@context\":\"https:\/\/schema.org\",\"@graph\":[{\"@type\":\"WebPage\",\"@id\":\"https:\/\/www.christine-rauh.com\/de\/vita\/\",\"url\":\"https:\/\/www.christine-rauh.com\/de\/vita\/\",\"name\":\"Vita - Christine Rauh - Cellistin &amp; Moderatorin\",\"isPartOf\":{\"@id\":\"https:\/\/www.christine-rauh.com\/de\/#website\"},\"primaryImageOfPage\":{\"@id\":\"https:\/\/www.christine-rauh.com\/de\/vita\/#primaryimage\"},\"image\":{\"@id\":\"https:\/\/www.christine-rauh.com\/de\/vita\/#primaryimage\"},\"thumbnailUrl\":\"https:\/\/www.christine-rauh.com\/wp-content\/uploads\/2012\/06\/christine_rauh_001.jpg\",\"datePublished\":\"2012-06-06T21:45:00+00:00\",\"dateModified\":\"2018-10-04T20:36:13+00:00\",\"description\":\"Schwupps. Da war es passiert. Einfach so. Beim Neujahrsempfang schnappte sich Christine Rauh kurz entschlossen das Mikrofon vom Moderator und plauderte munter alleine weiter. Das Publikum war hingerissen. Und der arbeitslose Moderator lachte sich halb kaputt.\",\"inLanguage\":\"de\",\"potentialAction\":[{\"@type\":\"ReadAction\",\"target\":[\"https:\/\/www.christine-rauh.com\/de\/vita\/\"]}]},{\"@type\":\"ImageObject\",\"inLanguage\":\"de\",\"@id\":\"https:\/\/www.christine-rauh.com\/de\/vita\/#primaryimage\",\"url\":\"https:\/\/www.christine-rauh.com\/wp-content\/uploads\/2012\/06\/christine_rauh_001.jpg\",\"contentUrl\":\"https:\/\/www.christine-rauh.com\/wp-content\/uploads\/2012\/06\/christine_rauh_001.jpg\"},{\"@type\":\"WebSite\",\"@id\":\"https:\/\/www.christine-rauh.com\/de\/#website\",\"url\":\"https:\/\/www.christine-rauh.com\/de\/\",\"name\":\"Christine Rauh - Cellistin &amp; Moderatorin\",\"description\":\"\",\"potentialAction\":[{\"@type\":\"SearchAction\",\"target\":{\"@type\":\"EntryPoint\",\"urlTemplate\":\"https:\/\/www.christine-rauh.com\/de\/?s={search_term_string}\"},\"query-input\":\"required name=search_term_string\"}],\"inLanguage\":\"de\"}]}<\/script>\n<!-- \/ Yoast SEO plugin. -->","yoast_head_json":{"title":"Vita - Christine Rauh - Cellistin &amp; Moderatorin","description":"Schwupps. Da war es passiert. Einfach so. Beim Neujahrsempfang schnappte sich Christine Rauh kurz entschlossen das Mikrofon vom Moderator und plauderte munter alleine weiter. Das Publikum war hingerissen. Und der arbeitslose Moderator lachte sich halb kaputt.","robots":{"index":"index","follow":"follow","max-snippet":"max-snippet:-1","max-image-preview":"max-image-preview:large","max-video-preview":"max-video-preview:-1"},"canonical":"https:\/\/www.christine-rauh.com\/de\/vita\/","twitter_misc":{"Gesch\u00e4tzte Lesezeit":"4\u00a0Minuten"},"schema":{"@context":"https:\/\/schema.org","@graph":[{"@type":"WebPage","@id":"https:\/\/www.christine-rauh.com\/de\/vita\/","url":"https:\/\/www.christine-rauh.com\/de\/vita\/","name":"Vita - Christine Rauh - Cellistin &amp; Moderatorin","isPartOf":{"@id":"https:\/\/www.christine-rauh.com\/de\/#website"},"primaryImageOfPage":{"@id":"https:\/\/www.christine-rauh.com\/de\/vita\/#primaryimage"},"image":{"@id":"https:\/\/www.christine-rauh.com\/de\/vita\/#primaryimage"},"thumbnailUrl":"https:\/\/www.christine-rauh.com\/wp-content\/uploads\/2012\/06\/christine_rauh_001.jpg","datePublished":"2012-06-06T21:45:00+00:00","dateModified":"2018-10-04T20:36:13+00:00","description":"Schwupps. Da war es passiert. Einfach so. Beim Neujahrsempfang schnappte sich Christine Rauh kurz entschlossen das Mikrofon vom Moderator und plauderte munter alleine weiter. Das Publikum war hingerissen. Und der arbeitslose Moderator lachte sich halb kaputt.","inLanguage":"de","potentialAction":[{"@type":"ReadAction","target":["https:\/\/www.christine-rauh.com\/de\/vita\/"]}]},{"@type":"ImageObject","inLanguage":"de","@id":"https:\/\/www.christine-rauh.com\/de\/vita\/#primaryimage","url":"https:\/\/www.christine-rauh.com\/wp-content\/uploads\/2012\/06\/christine_rauh_001.jpg","contentUrl":"https:\/\/www.christine-rauh.com\/wp-content\/uploads\/2012\/06\/christine_rauh_001.jpg"},{"@type":"WebSite","@id":"https:\/\/www.christine-rauh.com\/de\/#website","url":"https:\/\/www.christine-rauh.com\/de\/","name":"Christine Rauh - Cellistin &amp; Moderatorin","description":"","potentialAction":[{"@type":"SearchAction","target":{"@type":"EntryPoint","urlTemplate":"https:\/\/www.christine-rauh.com\/de\/?s={search_term_string}"},"query-input":"required name=search_term_string"}],"inLanguage":"de"}]}},"_links":{"self":[{"href":"https:\/\/www.christine-rauh.com\/de\/wp-json\/wp\/v2\/pages\/9"}],"collection":[{"href":"https:\/\/www.christine-rauh.com\/de\/wp-json\/wp\/v2\/pages"}],"about":[{"href":"https:\/\/www.christine-rauh.com\/de\/wp-json\/wp\/v2\/types\/page"}],"author":[{"embeddable":true,"href":"https:\/\/www.christine-rauh.com\/de\/wp-json\/wp\/v2\/users\/1"}],"replies":[{"embeddable":true,"href":"https:\/\/www.christine-rauh.com\/de\/wp-json\/wp\/v2\/comments?post=9"}],"version-history":[{"count":78,"href":"https:\/\/www.christine-rauh.com\/de\/wp-json\/wp\/v2\/pages\/9\/revisions"}],"predecessor-version":[{"id":3084,"href":"https:\/\/www.christine-rauh.com\/de\/wp-json\/wp\/v2\/pages\/9\/revisions\/3084"}],"wp:attachment":[{"href":"https:\/\/www.christine-rauh.com\/de\/wp-json\/wp\/v2\/media?parent=9"}],"curies":[{"name":"wp","href":"https:\/\/api.w.org\/{rel}","templated":true}]}}