{"id":3101,"date":"2019-05-20T11:54:33","date_gmt":"2019-05-20T09:54:33","guid":{"rendered":"https:\/\/www.christine-rauh.com\/de\/?page_id=3101"},"modified":"2019-08-09T21:44:13","modified_gmt":"2019-08-09T19:44:13","slug":"musikvermittlung","status":"publish","type":"page","link":"https:\/\/www.christine-rauh.com\/de\/musikvermittlung\/","title":{"rendered":"Musikvermittlung"},"content":{"rendered":"<h2><span style=\"color: #000000;\">Suchen Sie ein interaktives, moderiertes Konzert f\u00fcr Kinder?<\/span><\/h2>\n<p><span style=\"color: #000000;\">Nachfolgendes moderiertes Konzert im Bereich der Musikvermittlung eignet sich<\/span><br \/>\n<span style=\"color: #000000;\">f\u00fcr Ihr Programm im Rahmen eines Musik-Education-Programms oder einer Kinderkonzertreihe.<\/span><\/p>\n<p><span style=\"color: #ff6600;\"><strong><span style=\"color: #000000;\">Wenn Sie dieses moderierte Konzert buchen m\u00f6chten, oder n\u00e4here Informationen dazu w\u00fcnschen, verwenden Sie bitte f\u00fcr Ihre Anfrage untenstehendes Formular oder klicken Sie<\/span> <a href=\"https:\/\/www.christine-rauh.com\/de\/buchung\/\" target=\"_blank\" rel=\"noopener noreferrer\"> hier<\/a>.<\/strong><\/span><\/p>\n<p><span style=\"color: #ff6600;\">\u00a0<\/span><\/p>\n<h1><\/h1>\n<h1 style=\"text-align: center;\"><span style=\"color: #990033;\"><strong>\u00abJazz Stories\u00bb<\/strong><\/span><\/h1>\n<p style=\"font-size: 17px; text-align: center;\"><span style=\"color: #990033;\">Geschichte(n) des Jazz mit Musik von Louis Armstrong bis Miles Davis<\/span><\/p>\n<p>&nbsp;<\/p>\n<p style=\"text-align: left;\"><span style=\"color: #000000;\"><strong>\u261e Interaktives, moderiertes Konzert mit Jazz Big Band<\/strong><\/span><br \/>\n<span style=\"color: #000000;\"><strong>f\u00fcr Kinder zwischen 9-12 Jahren<\/strong><\/span><\/p>\n<p style=\"text-align: left;\"><strong><span style=\"color: #000000;\">\u261e\u00a0Schulklassen- oder Familienkonzert, Workshop f\u00fcr Kinder und Schulklassen<\/span><\/strong><br \/>\n<strong><span style=\"color: #000000;\">\u261e Dauer: 60\u2018 ohne Pause<\/span><\/strong><\/p>\n<p style=\"text-align: left;\"><strong><span style=\"color: #000000;\">\u261e\u00a0Musik: Jazz Big Band<\/span><\/strong><br \/>\n<strong><span style=\"color: #000000;\">\u261e Moderation: Christine Rauh<\/span><\/strong><\/p>\n<p>&nbsp;<\/p>\n<img loading=\"lazy\" decoding=\"async\" class=\"wp-image-111 alignleft\" title=\"Erstauff\u00fchrung 'Jazz Stories' Philharmonie Luxemburg\" src=\"https:\/\/www.christine-rauh.com\/wp-content\/uploads\/2019\/Luxemburg_Jazz-Moderation.jpg\" alt=\"Erstauff\u00fchrung 'Jazz Stories' Philharmonie Luxemburg\" width=\"500\" height=\"286\" \/>\n<p>&nbsp;<\/p>\n<p style=\"font-size: 12px;\"><strong>Erstauff\u00fchrung &#8218;Jazz Stories&#8216; am 25.01.2019 in der Philharmonie Luxemburg<\/strong><br \/>\n<strong>mit dem Luxembourg Jazz Orchestra und Christine Rauh, Moderation.<\/strong><\/p>\n<p>&nbsp;<\/p>\n<p>Konzept:<\/p>\n<p>Ziel dieser Stunde ist es, durch meine Begeisterung aus dem eigenen Erleben als Musikerin heraus, bei den Kindern einen Funken \u00fcberspringen zu lassen.<br \/>\nIn dieser Stunde geht es darum, Musik erlebbar zu machen und die Kinder f\u00fcr die Musik zu begeistern. Denn wenn du erlebt hast, l\u00e4\u00dft es dich nicht mehr los!<\/p>\n<p>\u201eJazz Stories\u201c ist ein interaktives, moderiertes Konzert mit vielen praktischen Aufgaben. Ich lasse die Kinder &#8211; und gerne auch die Erwachsenen im Saal \ud83d\ude42 &#8211;<br \/>\ndie Musik durch aktives Mitmachen k\u00f6rperlich erfahren, das macht die Musik auf physischer Ebene erlebbar. Es ist wichtig, da\u00df die Kinder selbst ausprobieren!<br \/>\nIn diesem moderierten Konzert wird erz\u00e4hlt, geguckt, erforscht, bewegt, geh\u00f6rt, erfahren, verstanden, gelacht und erlebt.<\/p>\n<p>Ich verstehe mich als \u201eBr\u00fcckenbauerin\u201c zwischen der Musik und der Lebenspraxis.<br \/>\nIch bin ein Mensch mit fachlicher Expertise als praktizierende Musikerin und zum anderen selbst von der Musik begeistert und ber\u00fchrt und f\u00fchre die Kinder als eigene Entdecker und Gestalter durch die Musik hindurch.<\/p>\n<p>Die eigenen Erfahrungen sind das, was Kinder entflammt und worauf sie in ihrem Leben immer und immer wieder zur\u00fcckgreifen werden. Dann geht man nach dem Konzert heim und merkt \u201eboa! etwas ist anders\u201c. Es l\u00e4\u00dft dich nicht los und irgendwann willst du es wiederhaben. Die eigenen Erfahrungen und das eigene Erkennen ist es, das im Menschen einen Samen setzt. Dann ist das, was wir im Konzert machen, mehr als blo\u00dfes Tun und hat nachhaltige Wirkungen.<br \/>\nDiese Samen, die wir in unseren Konzerten s\u00e4en k\u00f6nnen, sind die Wurzel dessen,<br \/>\nwas unsere Kultur pflegen und entwickeln wird.<\/p>\n<img loading=\"lazy\" decoding=\"async\" class=\"wp-image-111 alignright\" title=\"Christine Rauh\" src=\"https:\/\/www.christine-rauh.com\/wp-content\/uploads\/2019\/Christine Rauh_Signatur.jpg\" alt=\"Christine Rauh\" width=\"300\" height=\"200\" \/>\n<p>&nbsp;<\/p>\n<p>&nbsp;<\/p>\n<p>&nbsp;<\/p>\n<p>&nbsp;<\/p>\n<p>&nbsp;<\/p>\n<p>&nbsp;<\/p>\n<p>&nbsp;<\/p>\n<p>&nbsp;<\/p>\n<p>Bitte senden Sie Ihre Anfrage hier:<\/p>\n\n<div class=\"wpcf7 no-js\" id=\"wpcf7-f2995-o1\" lang=\"de-DE\" dir=\"ltr\">\n<div class=\"screen-reader-response\"><p role=\"status\" aria-live=\"polite\" aria-atomic=\"true\"><\/p> <ul><\/ul><\/div>\n<form action=\"\/de\/wp-json\/wp\/v2\/pages\/3101#wpcf7-f2995-o1\" method=\"post\" class=\"wpcf7-form init\" aria-label=\"Kontaktformular\" novalidate=\"novalidate\" data-status=\"init\">\n<div style=\"display: none;\">\n<input type=\"hidden\" name=\"_wpcf7\" value=\"2995\" \/>\n<input type=\"hidden\" name=\"_wpcf7_version\" value=\"5.9.8\" \/>\n<input type=\"hidden\" name=\"_wpcf7_locale\" value=\"de_DE\" \/>\n<input type=\"hidden\" name=\"_wpcf7_unit_tag\" value=\"wpcf7-f2995-o1\" \/>\n<input type=\"hidden\" name=\"_wpcf7_container_post\" value=\"0\" \/>\n<input type=\"hidden\" name=\"_wpcf7_posted_data_hash\" value=\"\" \/>\n<\/div>\n<p><label>Name:<span class=\"asterix\">*<\/span><\/label><br \/>\n<span class=\"wpcf7-form-control-wrap\" data-name=\"your-name\"><input size=\"40\" maxlength=\"400\" class=\"wpcf7-form-control wpcf7-text wpcf7-validates-as-required\" aria-required=\"true\" aria-invalid=\"false\" value=\"\" type=\"text\" name=\"your-name\" \/><\/span>\n<\/p>\n<p><label>E-Mail:<span class=\"asterix\">*<\/span><\/label><br \/>\n<span class=\"wpcf7-form-control-wrap\" data-name=\"your-email\"><input size=\"40\" maxlength=\"400\" class=\"wpcf7-form-control wpcf7-email wpcf7-validates-as-required wpcf7-text wpcf7-validates-as-email\" aria-required=\"true\" aria-invalid=\"false\" value=\"\" type=\"email\" name=\"your-email\" \/><\/span>\n<\/p>\n<p><label>Betreff:<span class=\"asterix\">*<\/span><\/label><br \/>\n<span class=\"wpcf7-form-control-wrap\" data-name=\"your-subject\"><input size=\"40\" maxlength=\"400\" class=\"wpcf7-form-control wpcf7-text wpcf7-validates-as-required\" aria-required=\"true\" aria-invalid=\"false\" value=\"\" type=\"text\" name=\"your-subject\" \/><\/span>\n<\/p>\n<p><label>Ihre Nachricht:<\/label><br \/>\n<span class=\"wpcf7-form-control-wrap\" data-name=\"your-message\"><textarea cols=\"40\" rows=\"10\" maxlength=\"2000\" class=\"wpcf7-form-control wpcf7-textarea\" aria-invalid=\"false\" name=\"your-message\"><\/textarea><\/span>\n<\/p>\n<p><label>Organisation:<\/label><br \/>\n<span class=\"wpcf7-form-control-wrap\" data-name=\"organisation\"><input size=\"40\" maxlength=\"400\" class=\"wpcf7-form-control wpcf7-text\" aria-invalid=\"false\" value=\"\" type=\"text\" name=\"organisation\" \/><\/span>\n<\/p>\n<p><label>Telefon:<span class=\"asterix\">*<\/span><\/label><br \/>\n<span class=\"wpcf7-form-control-wrap\" data-name=\"phone\"><input size=\"40\" maxlength=\"400\" class=\"wpcf7-form-control wpcf7-text wpcf7-validates-as-required\" aria-required=\"true\" aria-invalid=\"false\" value=\"\" type=\"text\" name=\"phone\" \/><\/span>\n<\/p>\n<p><label>Bitte w\u00e4hlen Sie die Art der Anfrage:<\/label><br \/>\n<span class=\"wpcf7-form-control-wrap\" data-name=\"type-of-request\"><span class=\"wpcf7-form-control wpcf7-checkbox\"><span class=\"wpcf7-list-item first\"><input type=\"checkbox\" name=\"type-of-request[]\" value=\"Buchung\" \/><span class=\"wpcf7-list-item-label\">Buchung<\/span><\/span><span class=\"wpcf7-list-item\"><input type=\"checkbox\" name=\"type-of-request[]\" value=\"Presse\" \/><span class=\"wpcf7-list-item-label\">Presse<\/span><\/span><span class=\"wpcf7-list-item last\"><input type=\"checkbox\" name=\"type-of-request[]\" value=\"Elektronische Pressemappe (EPM)\" \/><span class=\"wpcf7-list-item-label\">Elektronische Pressemappe (EPM)<\/span><\/span><\/span><\/span>\n<\/p>\n<div id=\"acceptance-dsgvo\">\n\t<p><b>Datenschutz<\/b>\n\t<\/p>\n\t<p>Wir nehmen den Schutz Ihrer pers\u00f6nlichen Daten sehr ernst. Art, Umfang und Zweck der Erhebung und Verwendung Ihrer personenbezogenen Daten, k\u00f6nnen Sie unserer <a href=\"https:\/\/www.christine-rauh.com\/de\/datenschutz\/\" target=\"_blank\"> Datenschutzerkl\u00e4rung<\/a> entnehmen.\n\t<\/p>\n\t<p><span class=\"wpcf7-form-control-wrap\" data-name=\"acceptance-dsgvo\"><span class=\"wpcf7-form-control wpcf7-checkbox wpcf7-validates-as-required\"><span class=\"wpcf7-list-item first last\"><input type=\"checkbox\" name=\"acceptance-dsgvo[]\" value=\"Ich stimme der Verarbeitung meiner Daten gem\u00e4\u00df der Datenschutzerkl\u00e4rung zu.\" \/><span class=\"wpcf7-list-item-label\">Ich stimme der Verarbeitung meiner Daten gem\u00e4\u00df der Datenschutzerkl\u00e4rung zu.<\/span><\/span><\/span><\/span>\n\t<\/p>\n<\/div>\n<div class=\"quiz\">\n\t<p><span class=\"quiz-text\">Sicherheitsquiz<\/span><span class=\"wpcf7-form-control-wrap\" data-name=\"quiz-393\"><label><span class=\"wpcf7-quiz-label\">2+9 =<\/span> <input size=\"40\" class=\"wpcf7-form-control wpcf7-quiz\" autocomplete=\"off\" aria-required=\"true\" aria-invalid=\"false\" type=\"text\" name=\"quiz-393\" \/><\/label><input type=\"hidden\" name=\"_wpcf7_quiz_answer_quiz-393\" value=\"ae8f2fc08c00aadfc6739478e5c79f92\" \/><\/span>\n\t<\/p>\n<\/div>\n<p><input class=\"wpcf7-form-control wpcf7-submit has-spinner\" type=\"submit\" value=\"Senden\" \/>\n<\/p><div class=\"wpcf7-response-output\" aria-hidden=\"true\"><\/div>\n<\/form>\n<\/div>\n\n","protected":false},"excerpt":{"rendered":"<p>Suchen Sie ein interaktives, moderiertes Konzert f\u00fcr Kinder? Nachfolgendes moderiertes Konzert im Bereich der Musikvermittlung eignet sich f\u00fcr Ihr Programm im Rahmen eines Musik-Education-Programms oder einer Kinderkonzertreihe. Wenn Sie dieses moderierte Konzert buchen m\u00f6chten, \u2026<\/p>\n","protected":false},"author":1,"featured_media":0,"parent":0,"menu_order":0,"comment_status":"closed","ping_status":"closed","template":"","meta":{"_acf_changed":false,"footnotes":""},"class_list":["post-3101","page","type-page","status-publish","hentry"],"acf":[],"yoast_head":"<!-- This site is optimized with the Yoast SEO plugin v23.2 - https:\/\/yoast.com\/wordpress\/plugins\/seo\/ -->\n<title>Musikvermittlung - Christine Rauh - Cellistin &amp; Moderatorin<\/title>\n<meta name=\"description\" content=\"Schulklassen- oder Familienkonzert mit Cellistin Christine Rauh buchen. Dieses moderierte Konzert im Bereich Musikvermittlung eignet sich f\u00fcr Ihr Programm im Rahmen eines Musik-Education-Programms oder einer Kinderkonzertreihe.\" \/>\n<meta name=\"robots\" content=\"index, follow, max-snippet:-1, max-image-preview:large, max-video-preview:-1\" \/>\n<link rel=\"canonical\" href=\"https:\/\/www.christine-rauh.com\/de\/musikvermittlung\/\" \/>\n<meta name=\"twitter:label1\" content=\"Gesch\u00e4tzte Lesezeit\" \/>\n\t<meta name=\"twitter:data1\" content=\"2\u00a0Minuten\" \/>\n<script type=\"application\/ld+json\" class=\"yoast-schema-graph\">{\"@context\":\"https:\/\/schema.org\",\"@graph\":[{\"@type\":\"WebPage\",\"@id\":\"https:\/\/www.christine-rauh.com\/de\/musikvermittlung\/\",\"url\":\"https:\/\/www.christine-rauh.com\/de\/musikvermittlung\/\",\"name\":\"Musikvermittlung - Christine Rauh - Cellistin & Moderatorin\",\"isPartOf\":{\"@id\":\"https:\/\/www.christine-rauh.com\/de\/#website\"},\"primaryImageOfPage\":{\"@id\":\"https:\/\/www.christine-rauh.com\/de\/musikvermittlung\/#primaryimage\"},\"image\":{\"@id\":\"https:\/\/www.christine-rauh.com\/de\/musikvermittlung\/#primaryimage\"},\"thumbnailUrl\":\"https:\/\/www.christine-rauh.com\/wp-content\/uploads\/2019\/Luxemburg_Jazz-Moderation.jpg\",\"datePublished\":\"2019-05-20T09:54:33+00:00\",\"dateModified\":\"2019-08-09T19:44:13+00:00\",\"description\":\"Schulklassen- oder Familienkonzert mit Cellistin Christine Rauh buchen. Dieses moderierte Konzert im Bereich Musikvermittlung eignet sich f\u00fcr Ihr Programm im Rahmen eines Musik-Education-Programms oder einer Kinderkonzertreihe.\",\"inLanguage\":\"de\",\"potentialAction\":[{\"@type\":\"ReadAction\",\"target\":[\"https:\/\/www.christine-rauh.com\/de\/musikvermittlung\/\"]}]},{\"@type\":\"ImageObject\",\"inLanguage\":\"de\",\"@id\":\"https:\/\/www.christine-rauh.com\/de\/musikvermittlung\/#primaryimage\",\"url\":\"https:\/\/www.christine-rauh.com\/wp-content\/uploads\/2019\/Luxemburg_Jazz-Moderation.jpg\",\"contentUrl\":\"https:\/\/www.christine-rauh.com\/wp-content\/uploads\/2019\/Luxemburg_Jazz-Moderation.jpg\"},{\"@type\":\"WebSite\",\"@id\":\"https:\/\/www.christine-rauh.com\/de\/#website\",\"url\":\"https:\/\/www.christine-rauh.com\/de\/\",\"name\":\"Christine Rauh - Cellistin &amp; Moderatorin\",\"description\":\"\",\"potentialAction\":[{\"@type\":\"SearchAction\",\"target\":{\"@type\":\"EntryPoint\",\"urlTemplate\":\"https:\/\/www.christine-rauh.com\/de\/?s={search_term_string}\"},\"query-input\":\"required name=search_term_string\"}],\"inLanguage\":\"de\"}]}<\/script>\n<!-- \/ Yoast SEO plugin. -->","yoast_head_json":{"title":"Musikvermittlung - Christine Rauh - Cellistin & Moderatorin","description":"Schulklassen- oder Familienkonzert mit Cellistin Christine Rauh buchen. Dieses moderierte Konzert im Bereich Musikvermittlung eignet sich f\u00fcr Ihr Programm im Rahmen eines Musik-Education-Programms oder einer Kinderkonzertreihe.","robots":{"index":"index","follow":"follow","max-snippet":"max-snippet:-1","max-image-preview":"max-image-preview:large","max-video-preview":"max-video-preview:-1"},"canonical":"https:\/\/www.christine-rauh.com\/de\/musikvermittlung\/","twitter_misc":{"Gesch\u00e4tzte Lesezeit":"2\u00a0Minuten"},"schema":{"@context":"https:\/\/schema.org","@graph":[{"@type":"WebPage","@id":"https:\/\/www.christine-rauh.com\/de\/musikvermittlung\/","url":"https:\/\/www.christine-rauh.com\/de\/musikvermittlung\/","name":"Musikvermittlung - Christine Rauh - Cellistin & Moderatorin","isPartOf":{"@id":"https:\/\/www.christine-rauh.com\/de\/#website"},"primaryImageOfPage":{"@id":"https:\/\/www.christine-rauh.com\/de\/musikvermittlung\/#primaryimage"},"image":{"@id":"https:\/\/www.christine-rauh.com\/de\/musikvermittlung\/#primaryimage"},"thumbnailUrl":"https:\/\/www.christine-rauh.com\/wp-content\/uploads\/2019\/Luxemburg_Jazz-Moderation.jpg","datePublished":"2019-05-20T09:54:33+00:00","dateModified":"2019-08-09T19:44:13+00:00","description":"Schulklassen- oder Familienkonzert mit Cellistin Christine Rauh buchen. Dieses moderierte Konzert im Bereich Musikvermittlung eignet sich f\u00fcr Ihr Programm im Rahmen eines Musik-Education-Programms oder einer Kinderkonzertreihe.","inLanguage":"de","potentialAction":[{"@type":"ReadAction","target":["https:\/\/www.christine-rauh.com\/de\/musikvermittlung\/"]}]},{"@type":"ImageObject","inLanguage":"de","@id":"https:\/\/www.christine-rauh.com\/de\/musikvermittlung\/#primaryimage","url":"https:\/\/www.christine-rauh.com\/wp-content\/uploads\/2019\/Luxemburg_Jazz-Moderation.jpg","contentUrl":"https:\/\/www.christine-rauh.com\/wp-content\/uploads\/2019\/Luxemburg_Jazz-Moderation.jpg"},{"@type":"WebSite","@id":"https:\/\/www.christine-rauh.com\/de\/#website","url":"https:\/\/www.christine-rauh.com\/de\/","name":"Christine Rauh - Cellistin &amp; Moderatorin","description":"","potentialAction":[{"@type":"SearchAction","target":{"@type":"EntryPoint","urlTemplate":"https:\/\/www.christine-rauh.com\/de\/?s={search_term_string}"},"query-input":"required name=search_term_string"}],"inLanguage":"de"}]}},"_links":{"self":[{"href":"https:\/\/www.christine-rauh.com\/de\/wp-json\/wp\/v2\/pages\/3101"}],"collection":[{"href":"https:\/\/www.christine-rauh.com\/de\/wp-json\/wp\/v2\/pages"}],"about":[{"href":"https:\/\/www.christine-rauh.com\/de\/wp-json\/wp\/v2\/types\/page"}],"author":[{"embeddable":true,"href":"https:\/\/www.christine-rauh.com\/de\/wp-json\/wp\/v2\/users\/1"}],"replies":[{"embeddable":true,"href":"https:\/\/www.christine-rauh.com\/de\/wp-json\/wp\/v2\/comments?post=3101"}],"version-history":[{"count":44,"href":"https:\/\/www.christine-rauh.com\/de\/wp-json\/wp\/v2\/pages\/3101\/revisions"}],"predecessor-version":[{"id":3199,"href":"https:\/\/www.christine-rauh.com\/de\/wp-json\/wp\/v2\/pages\/3101\/revisions\/3199"}],"wp:attachment":[{"href":"https:\/\/www.christine-rauh.com\/de\/wp-json\/wp\/v2\/media?parent=3101"}],"curies":[{"name":"wp","href":"https:\/\/api.w.org\/{rel}","templated":true}]}}