{"id":2,"date":"2012-06-06T23:40:21","date_gmt":"2012-06-06T21:40:21","guid":{"rendered":"https:\/\/www.christine-rauh.com\/?page_id=2"},"modified":"2019-05-22T16:17:59","modified_gmt":"2019-05-22T14:17:59","slug":"just-good-music","status":"publish","type":"page","link":"https:\/\/www.christine-rauh.com\/de\/","title":{"rendered":"Just good music"},"content":{"rendered":"<h1>Christine Rauh \u2013 just good music.<\/h1>\n<p>Christine Rauh ist ein spontaner Mensch und spr\u00fcht f\u00f6rmlich vor Kommunikationslust. Das spiegelt sich auch in ihren Auftritten als Musikerin und Musikvermittlerin. \u201eEin Konzert soll dynamisch sein, soll ein gemeinsames Erlebnis mit dem Publikum schaffen.&#8220;<\/p>\n<p>Ber\u00fchrungs\u00e4ngste kennt Christine Rauh nicht, auch nicht bei der Auswahl des Repertoires: Es reicht von Bachs Solo-Suiten \u00fcber klassische und romantische Werke und St\u00fccken von Piazzolla und Kapustin bis zu Urauff\u00fchrungen von zeitgen\u00f6ssischen Komponisten; au\u00dferdem arrangiert sie selbst Songs von Udo Lindenberg oder Daft Punk und arbeitet auch gern mit Jazzmusikern oder Beatboxern zusammen. \u201eOb das Etikett nun Klassik, Tango oder Jazz hei\u00dft, finde ich nicht entscheidend. Hauptsache, es ist f\u00fcr mich und mein Publikum gute Musik!&#8220;<\/p>\n","protected":false},"excerpt":{"rendered":"<p>Christine Rauh \u2013 just good music. Christine Rauh ist ein spontaner Mensch und spr\u00fcht f\u00f6rmlich vor Kommunikationslust. Das spiegelt sich auch in ihren Auftritten als Musikerin und Musikvermittlerin. \u201eEin Konzert soll dynamisch sein, soll \u2026<\/p>\n","protected":false},"author":1,"featured_media":0,"parent":0,"menu_order":1,"comment_status":"open","ping_status":"closed","template":"home_de.php","meta":{"_acf_changed":false,"footnotes":""},"class_list":["post-2","page","type-page","status-publish","hentry"],"acf":[],"yoast_head":"<!-- This site is optimized with the Yoast SEO plugin v23.2 - https:\/\/yoast.com\/wordpress\/plugins\/seo\/ -->\n<title>Just good music - Christine Rauh - Cellistin &amp; Moderatorin<\/title>\n<meta name=\"description\" content=\"Christine Rauh ist ein spontaner Mensch und spr\u00fcht f\u00f6rmlich vor Kommunikationslust. Herzlich willkommen auf der offiziellen Homepage!\" \/>\n<meta name=\"robots\" content=\"index, follow, max-snippet:-1, max-image-preview:large, max-video-preview:-1\" \/>\n<link rel=\"canonical\" href=\"https:\/\/www.christine-rauh.com\/de\/\" \/>\n<meta name=\"twitter:label1\" content=\"Gesch\u00e4tzte Lesezeit\" \/>\n\t<meta name=\"twitter:data1\" content=\"1\u00a0Minute\" \/>\n<script type=\"application\/ld+json\" class=\"yoast-schema-graph\">{\"@context\":\"https:\/\/schema.org\",\"@graph\":[{\"@type\":\"WebPage\",\"@id\":\"https:\/\/www.christine-rauh.com\/de\/\",\"url\":\"https:\/\/www.christine-rauh.com\/de\/\",\"name\":\"Just good music - Christine Rauh - Cellistin &amp; Moderatorin\",\"isPartOf\":{\"@id\":\"https:\/\/www.christine-rauh.com\/de\/#website\"},\"datePublished\":\"2012-06-06T21:40:21+00:00\",\"dateModified\":\"2019-05-22T14:17:59+00:00\",\"description\":\"Christine Rauh ist ein spontaner Mensch und spr\u00fcht f\u00f6rmlich vor Kommunikationslust. Herzlich willkommen auf der offiziellen Homepage!\",\"inLanguage\":\"de\",\"potentialAction\":[{\"@type\":\"ReadAction\",\"target\":[\"https:\/\/www.christine-rauh.com\/de\/\"]}]},{\"@type\":\"WebSite\",\"@id\":\"https:\/\/www.christine-rauh.com\/de\/#website\",\"url\":\"https:\/\/www.christine-rauh.com\/de\/\",\"name\":\"Christine Rauh - Cellistin &amp; Moderatorin\",\"description\":\"\",\"potentialAction\":[{\"@type\":\"SearchAction\",\"target\":{\"@type\":\"EntryPoint\",\"urlTemplate\":\"https:\/\/www.christine-rauh.com\/de\/?s={search_term_string}\"},\"query-input\":\"required name=search_term_string\"}],\"inLanguage\":\"de\"}]}<\/script>\n<!-- \/ Yoast SEO plugin. -->","yoast_head_json":{"title":"Just good music - Christine Rauh - Cellistin &amp; Moderatorin","description":"Christine Rauh ist ein spontaner Mensch und spr\u00fcht f\u00f6rmlich vor Kommunikationslust. Herzlich willkommen auf der offiziellen Homepage!","robots":{"index":"index","follow":"follow","max-snippet":"max-snippet:-1","max-image-preview":"max-image-preview:large","max-video-preview":"max-video-preview:-1"},"canonical":"https:\/\/www.christine-rauh.com\/de\/","twitter_misc":{"Gesch\u00e4tzte Lesezeit":"1\u00a0Minute"},"schema":{"@context":"https:\/\/schema.org","@graph":[{"@type":"WebPage","@id":"https:\/\/www.christine-rauh.com\/de\/","url":"https:\/\/www.christine-rauh.com\/de\/","name":"Just good music - Christine Rauh - Cellistin &amp; Moderatorin","isPartOf":{"@id":"https:\/\/www.christine-rauh.com\/de\/#website"},"datePublished":"2012-06-06T21:40:21+00:00","dateModified":"2019-05-22T14:17:59+00:00","description":"Christine Rauh ist ein spontaner Mensch und spr\u00fcht f\u00f6rmlich vor Kommunikationslust. Herzlich willkommen auf der offiziellen Homepage!","inLanguage":"de","potentialAction":[{"@type":"ReadAction","target":["https:\/\/www.christine-rauh.com\/de\/"]}]},{"@type":"WebSite","@id":"https:\/\/www.christine-rauh.com\/de\/#website","url":"https:\/\/www.christine-rauh.com\/de\/","name":"Christine Rauh - Cellistin &amp; Moderatorin","description":"","potentialAction":[{"@type":"SearchAction","target":{"@type":"EntryPoint","urlTemplate":"https:\/\/www.christine-rauh.com\/de\/?s={search_term_string}"},"query-input":"required name=search_term_string"}],"inLanguage":"de"}]}},"_links":{"self":[{"href":"https:\/\/www.christine-rauh.com\/de\/wp-json\/wp\/v2\/pages\/2"}],"collection":[{"href":"https:\/\/www.christine-rauh.com\/de\/wp-json\/wp\/v2\/pages"}],"about":[{"href":"https:\/\/www.christine-rauh.com\/de\/wp-json\/wp\/v2\/types\/page"}],"author":[{"embeddable":true,"href":"https:\/\/www.christine-rauh.com\/de\/wp-json\/wp\/v2\/users\/1"}],"replies":[{"embeddable":true,"href":"https:\/\/www.christine-rauh.com\/de\/wp-json\/wp\/v2\/comments?post=2"}],"version-history":[{"count":7,"href":"https:\/\/www.christine-rauh.com\/de\/wp-json\/wp\/v2\/pages\/2\/revisions"}],"predecessor-version":[{"id":3141,"href":"https:\/\/www.christine-rauh.com\/de\/wp-json\/wp\/v2\/pages\/2\/revisions\/3141"}],"wp:attachment":[{"href":"https:\/\/www.christine-rauh.com\/de\/wp-json\/wp\/v2\/media?parent=2"}],"curies":[{"name":"wp","href":"https:\/\/api.w.org\/{rel}","templated":true}]}}